{"id":190001,"date":"2024-09-05T17:19:46","date_gmt":"2024-09-05T15:19:46","guid":{"rendered":"https:\/\/manitese.it\/?post_type=product&#038;p=190001"},"modified":"2024-09-05T17:19:46","modified_gmt":"2024-09-05T15:19:46","slug":"bomboniera-vaso-caltagirone-medium","status":"publish","type":"product","link":"https:\/\/www.manitese.it\/prodotto\/bomboniera-vaso-caltagirone-medium\/","title":{"rendered":"Bomboniera vaso caltagirone medium"},"content":{"rendered":"<p>&nbsp;<\/p>\n<ul>\n<li style=\"text-align: left;\">Realizzata a mano con grande attenzione ai dettagli e materiali riciclati, riciclabili e plastic free realizzati da aziende italiane certificate e in modo ecologicamente responsabile<\/li>\n<li style=\"text-align: left;\">Vaso in ceramica Caltagirone: <u>Mirto<\/u>\u00a0con decoro ornato verde,\u00a0<u>Ulivo<\/u> con decoro margherite in rosso<\/li>\n<li style=\"text-align: left;\">Sacchetto portaconfetti in cotone con 5 confetti bianchi al cioccolato Maxtris avvolti in tulle<\/li>\n<li style=\"text-align: left;\"><u>Bigliettino bomboniera personalizzato, per ordini superiori ai 10 pezzi<\/u><\/li>\n<li style=\"text-align: left;\"><u><\/u>Piantine provenienti dalla Sicilia &#8211; Diametro vaso 10 cm *<\/li>\n<li style=\"text-align: left;\">Certificato solidale Mani Tese e passaporto delle piante (PP), come da regolamento europeo*l&#8217;altezza e la vegetazione delle piantine potrebbero variare in base alla stagionalit\u00e0 e ai cambiamenti climatici.<\/li>\n<\/ul>\n<p>&nbsp;<\/p>\n","protected":false},"excerpt":{"rendered":"<p>Le bomboniere con vaso in maiolica siciliana, grazie alla collaborazione tra Mani Tese e Mobilia Store, sono il dono GIUSTO per il tuo giorno speciale: simboleggiano amore, gratitudine e cura per l\u2019ambiente e per il prossimo.<\/p>\n<p>La particolarit\u00e0 di questa bomboniera \u00e8 racchiusa nel suo\u00a0<strong>vaso realizzato in ceramica artistica siciliana\u00a0<\/strong>dipinto a mano, simbolo dell\u2019artigianalit\u00e0 italiana,\u00a0<strong>con fantasie abbinate alla tipologia di pianta<\/strong>.<\/p>\n<p>Ma non \u00e8 tutto qui:\u00a0<strong>una parte del suo valore si trasformer\u00e0 in cibo, cure mediche, istruzione, materiale scolastico, mezzi agricoli, formazione e strumenti concreti di sviluppo<\/strong>\u00a0per le comunit\u00e0 pi\u00f9 vulnerabili del mondo.<\/p>\n<p>La bomboniera per il tuo matrimonio o un dono speciale per un battesimo, una comunione, una cresima e una laurea. Immagina il tuo dono, un giorno rigoglioso e fiorente: il caloroso ricordo di un giorno speciale e dell\u2019impegno concreto per le comunit\u00e0 pi\u00f9 vulnerabili a cui, proprio come una pianta, hai donato la possibilit\u00e0 di crescere!<\/p>\n<p><strong>Il 20% del valore di ogni bomboniera sar\u00e0 devoluto a Mani Tese.<\/strong><\/p>\n<p><strong><u>Per l&#8217;ordine \u00e8 richiesto almeno un mese di anticipo rispetto alla data in cui si desidera ricevere le bomboniere.<\/u><\/strong><\/p>\n<p><strong>Data la\u00a0delicatezza\u00a0delle piantine, la spedizione ha un\u00a0costo fisso di 15 \u20ac<\/strong><br \/>\n(<em>indipendentemente dalla quantit\u00e0 acquistata<\/em>).<\/p>\n<p><em>Per\u00a0preservare l\u2019integrit\u00e0\u00a0della bomboniera riceverai\u00a0tutto gi\u00e0 confezionato, imballato separatamente,\u00a0non dovrai realizzare fiocchi o decorazioni, ti baster\u00e0 solo dare un\u00a0ultimo tocco\u00a0alla tua bomboniera,\u00a0inserendo la piantina nel portavaso.<\/em><\/p>\n<hr style=\"height: 2px; border: none; border-radius: 6px; background: #F0F0F0;\" \/>\n<h3>Scegli la tipologia (quantit\u00e0 min. 1)<\/h3>\n","protected":false},"featured_media":189886,"template":"","meta":{"_acf_changed":false,"give_campaign_id":0,"inline_featured_image":false},"product_brand":[],"product_cat":[879,920,960,964,969,971],"product_tag":[],"thematic_area":[],"class_list":{"0":"post-190001","1":"product","2":"type-product","3":"status-publish","4":"has-post-thumbnail","6":"product_cat-bomboniere","7":"product_cat-piante-e-semi","8":"product_cat-anniversario","9":"product_cat-comunione","10":"product_cat-matrimonio","11":"product_cat-pensionamento","13":"first","14":"instock","15":"taxable","16":"shipping-taxable","17":"product-type-grouped"},"acf":[],"yoast_head":"<!-- This site is optimized with the Yoast SEO plugin v27.5 - https:\/\/yoast.com\/product\/yoast-seo-wordpress\/ -->\n<title>Bomboniera vaso caltagirone medium - Mani Tese<\/title>\n<meta name=\"robots\" content=\"index, follow, max-snippet:-1, max-image-preview:large, max-video-preview:-1\" \/>\n<link rel=\"canonical\" href=\"https:\/\/www.manitese.it\/en\/prodotto\/bomboniera-vaso-caltagirone-medium\/\" \/>\n<meta property=\"og:locale\" content=\"en_US\" \/>\n<meta property=\"og:type\" content=\"article\" \/>\n<meta property=\"og:title\" content=\"Bomboniera vaso caltagirone medium - Mani Tese\" \/>\n<meta property=\"og:description\" content=\"Le bomboniere con vaso in maiolica siciliana, grazie alla collaborazione tra Mani Tese e Mobilia Store, sono il dono GIUSTO per il tuo giorno speciale: simboleggiano amore, gratitudine e cura per l\u2019ambiente e per il prossimo.  La particolarit\u00e0 di questa bomboniera \u00e8 racchiusa nel suo\u00a0vaso realizzato in ceramica artistica siciliana\u00a0dipinto a mano, simbolo dell\u2019artigianalit\u00e0 italiana,\u00a0con fantasie abbinate alla tipologia di pianta.  Ma non \u00e8 tutto qui:\u00a0una parte del suo valore si trasformer\u00e0 in cibo, cure mediche, istruzione, materiale scolastico, mezzi agricoli, formazione e strumenti concreti di sviluppo\u00a0per le comunit\u00e0 pi\u00f9 vulnerabili del mondo.  La bomboniera per il tuo matrimonio o un dono speciale per un battesimo, una comunione, una cresima e una laurea. Immagina il tuo dono, un giorno rigoglioso e fiorente: il caloroso ricordo di un giorno speciale e dell\u2019impegno concreto per le comunit\u00e0 pi\u00f9 vulnerabili a cui, proprio come una pianta, hai donato la possibilit\u00e0 di crescere!  Il 20% del valore di ogni bomboniera sar\u00e0 devoluto a Mani Tese.  Per l&#039;ordine \u00e8 richiesto almeno un mese di anticipo rispetto alla data in cui si desidera ricevere le bomboniere.  Data la\u00a0delicatezza\u00a0delle piantine, la spedizione ha un\u00a0costo fisso di 15 \u20ac (indipendentemente dalla quantit\u00e0 acquistata).  Per\u00a0preservare l\u2019integrit\u00e0\u00a0della bomboniera riceverai\u00a0tutto gi\u00e0 confezionato, imballato separatamente,\u00a0non dovrai realizzare fiocchi o decorazioni, ti baster\u00e0 solo dare un\u00a0ultimo tocco\u00a0alla tua bomboniera,\u00a0inserendo la piantina nel portavaso.    Scegli la tipologia (quantit\u00e0 min. 1)\" \/>\n<meta property=\"og:url\" content=\"https:\/\/www.manitese.it\/prodotto\/bomboniera-vaso-caltagirone-medium\/\" \/>\n<meta property=\"og:site_name\" content=\"Mani Tese\" \/>\n<meta property=\"og:image\" content=\"https:\/\/www.manitese.it\/wp-content\/uploads\/2023\/11\/generate_thumb.jpg\" \/>\n\t<meta property=\"og:image:width\" content=\"800\" \/>\n\t<meta property=\"og:image:height\" content=\"800\" \/>\n\t<meta property=\"og:image:type\" content=\"image\/jpeg\" \/>\n<meta name=\"twitter:card\" content=\"summary_large_image\" \/>\n<meta name=\"twitter:label1\" content=\"Est. reading time\" \/>\n\t<meta name=\"twitter:data1\" content=\"1 minute\" \/>\n<script type=\"application\/ld+json\" class=\"yoast-schema-graph\">{\"@context\":\"https:\\\/\\\/schema.org\",\"@graph\":[{\"@type\":\"WebPage\",\"@id\":\"https:\\\/\\\/www.manitese.it\\\/prodotto\\\/bomboniera-vaso-caltagirone-medium\\\/\",\"url\":\"https:\\\/\\\/www.manitese.it\\\/prodotto\\\/bomboniera-vaso-caltagirone-medium\\\/\",\"name\":\"Bomboniera vaso caltagirone medium - Mani Tese\",\"isPartOf\":{\"@id\":\"https:\\\/\\\/www.manitese.it\\\/en\\\/#website\"},\"primaryImageOfPage\":{\"@id\":\"https:\\\/\\\/www.manitese.it\\\/prodotto\\\/bomboniera-vaso-caltagirone-medium\\\/#primaryimage\"},\"image\":{\"@id\":\"https:\\\/\\\/www.manitese.it\\\/prodotto\\\/bomboniera-vaso-caltagirone-medium\\\/#primaryimage\"},\"thumbnailUrl\":\"https:\\\/\\\/www.manitese.it\\\/wp-content\\\/uploads\\\/2023\\\/11\\\/generate_thumb.jpg\",\"datePublished\":\"2024-09-05T15:19:46+00:00\",\"breadcrumb\":{\"@id\":\"https:\\\/\\\/www.manitese.it\\\/prodotto\\\/bomboniera-vaso-caltagirone-medium\\\/#breadcrumb\"},\"inLanguage\":\"en-US\",\"potentialAction\":[{\"@type\":\"ReadAction\",\"target\":[\"https:\\\/\\\/www.manitese.it\\\/prodotto\\\/bomboniera-vaso-caltagirone-medium\\\/\"]}]},{\"@type\":\"ImageObject\",\"inLanguage\":\"en-US\",\"@id\":\"https:\\\/\\\/www.manitese.it\\\/prodotto\\\/bomboniera-vaso-caltagirone-medium\\\/#primaryimage\",\"url\":\"https:\\\/\\\/www.manitese.it\\\/wp-content\\\/uploads\\\/2023\\\/11\\\/generate_thumb.jpg\",\"contentUrl\":\"https:\\\/\\\/www.manitese.it\\\/wp-content\\\/uploads\\\/2023\\\/11\\\/generate_thumb.jpg\",\"width\":800,\"height\":800,\"caption\":\"Bomboniera vaso caltagirone medium\"},{\"@type\":\"BreadcrumbList\",\"@id\":\"https:\\\/\\\/www.manitese.it\\\/prodotto\\\/bomboniera-vaso-caltagirone-medium\\\/#breadcrumb\",\"itemListElement\":[{\"@type\":\"ListItem\",\"position\":1,\"name\":\"Home\",\"item\":\"https:\\\/\\\/www.manitese.it\\\/en\\\/\"},{\"@type\":\"ListItem\",\"position\":2,\"name\":\"Regali solidali\",\"item\":\"https:\\\/\\\/www.manitese.it\\\/regali-solidali\\\/\"},{\"@type\":\"ListItem\",\"position\":3,\"name\":\"Bomboniera vaso caltagirone medium\"}]},{\"@type\":\"WebSite\",\"@id\":\"https:\\\/\\\/www.manitese.it\\\/en\\\/#website\",\"url\":\"https:\\\/\\\/www.manitese.it\\\/en\\\/\",\"name\":\"Mani Tese\",\"description\":\"\",\"potentialAction\":[{\"@type\":\"SearchAction\",\"target\":{\"@type\":\"EntryPoint\",\"urlTemplate\":\"https:\\\/\\\/www.manitese.it\\\/en\\\/?s={search_term_string}\"},\"query-input\":{\"@type\":\"PropertyValueSpecification\",\"valueRequired\":true,\"valueName\":\"search_term_string\"}}],\"inLanguage\":\"en-US\"}]}<\/script>\n<!-- \/ Yoast SEO plugin. -->","yoast_head_json":{"title":"Bomboniera vaso caltagirone medium - Mani Tese","robots":{"index":"index","follow":"follow","max-snippet":"max-snippet:-1","max-image-preview":"max-image-preview:large","max-video-preview":"max-video-preview:-1"},"canonical":"https:\/\/www.manitese.it\/en\/prodotto\/bomboniera-vaso-caltagirone-medium\/","og_locale":"en_US","og_type":"article","og_title":"Bomboniera vaso caltagirone medium - Mani Tese","og_description":"Le bomboniere con vaso in maiolica siciliana, grazie alla collaborazione tra Mani Tese e Mobilia Store, sono il dono GIUSTO per il tuo giorno speciale: simboleggiano amore, gratitudine e cura per l\u2019ambiente e per il prossimo.  La particolarit\u00e0 di questa bomboniera \u00e8 racchiusa nel suo\u00a0vaso realizzato in ceramica artistica siciliana\u00a0dipinto a mano, simbolo dell\u2019artigianalit\u00e0 italiana,\u00a0con fantasie abbinate alla tipologia di pianta.  Ma non \u00e8 tutto qui:\u00a0una parte del suo valore si trasformer\u00e0 in cibo, cure mediche, istruzione, materiale scolastico, mezzi agricoli, formazione e strumenti concreti di sviluppo\u00a0per le comunit\u00e0 pi\u00f9 vulnerabili del mondo.  La bomboniera per il tuo matrimonio o un dono speciale per un battesimo, una comunione, una cresima e una laurea. Immagina il tuo dono, un giorno rigoglioso e fiorente: il caloroso ricordo di un giorno speciale e dell\u2019impegno concreto per le comunit\u00e0 pi\u00f9 vulnerabili a cui, proprio come una pianta, hai donato la possibilit\u00e0 di crescere!  Il 20% del valore di ogni bomboniera sar\u00e0 devoluto a Mani Tese.  Per l'ordine \u00e8 richiesto almeno un mese di anticipo rispetto alla data in cui si desidera ricevere le bomboniere.  Data la\u00a0delicatezza\u00a0delle piantine, la spedizione ha un\u00a0costo fisso di 15 \u20ac (indipendentemente dalla quantit\u00e0 acquistata).  Per\u00a0preservare l\u2019integrit\u00e0\u00a0della bomboniera riceverai\u00a0tutto gi\u00e0 confezionato, imballato separatamente,\u00a0non dovrai realizzare fiocchi o decorazioni, ti baster\u00e0 solo dare un\u00a0ultimo tocco\u00a0alla tua bomboniera,\u00a0inserendo la piantina nel portavaso.    Scegli la tipologia (quantit\u00e0 min. 1)","og_url":"https:\/\/www.manitese.it\/prodotto\/bomboniera-vaso-caltagirone-medium\/","og_site_name":"Mani Tese","og_image":[{"width":800,"height":800,"url":"https:\/\/www.manitese.it\/wp-content\/uploads\/2023\/11\/generate_thumb.jpg","type":"image\/jpeg"}],"twitter_card":"summary_large_image","twitter_misc":{"Est. reading time":"1 minute"},"schema":{"@context":"https:\/\/schema.org","@graph":[{"@type":"WebPage","@id":"https:\/\/www.manitese.it\/prodotto\/bomboniera-vaso-caltagirone-medium\/","url":"https:\/\/www.manitese.it\/prodotto\/bomboniera-vaso-caltagirone-medium\/","name":"Bomboniera vaso caltagirone medium - Mani Tese","isPartOf":{"@id":"https:\/\/www.manitese.it\/en\/#website"},"primaryImageOfPage":{"@id":"https:\/\/www.manitese.it\/prodotto\/bomboniera-vaso-caltagirone-medium\/#primaryimage"},"image":{"@id":"https:\/\/www.manitese.it\/prodotto\/bomboniera-vaso-caltagirone-medium\/#primaryimage"},"thumbnailUrl":"https:\/\/www.manitese.it\/wp-content\/uploads\/2023\/11\/generate_thumb.jpg","datePublished":"2024-09-05T15:19:46+00:00","breadcrumb":{"@id":"https:\/\/www.manitese.it\/prodotto\/bomboniera-vaso-caltagirone-medium\/#breadcrumb"},"inLanguage":"en-US","potentialAction":[{"@type":"ReadAction","target":["https:\/\/www.manitese.it\/prodotto\/bomboniera-vaso-caltagirone-medium\/"]}]},{"@type":"ImageObject","inLanguage":"en-US","@id":"https:\/\/www.manitese.it\/prodotto\/bomboniera-vaso-caltagirone-medium\/#primaryimage","url":"https:\/\/www.manitese.it\/wp-content\/uploads\/2023\/11\/generate_thumb.jpg","contentUrl":"https:\/\/www.manitese.it\/wp-content\/uploads\/2023\/11\/generate_thumb.jpg","width":800,"height":800,"caption":"Bomboniera vaso caltagirone medium"},{"@type":"BreadcrumbList","@id":"https:\/\/www.manitese.it\/prodotto\/bomboniera-vaso-caltagirone-medium\/#breadcrumb","itemListElement":[{"@type":"ListItem","position":1,"name":"Home","item":"https:\/\/www.manitese.it\/en\/"},{"@type":"ListItem","position":2,"name":"Regali solidali","item":"https:\/\/www.manitese.it\/regali-solidali\/"},{"@type":"ListItem","position":3,"name":"Bomboniera vaso caltagirone medium"}]},{"@type":"WebSite","@id":"https:\/\/www.manitese.it\/en\/#website","url":"https:\/\/www.manitese.it\/en\/","name":"Mani Tese","description":"","potentialAction":[{"@type":"SearchAction","target":{"@type":"EntryPoint","urlTemplate":"https:\/\/www.manitese.it\/en\/?s={search_term_string}"},"query-input":{"@type":"PropertyValueSpecification","valueRequired":true,"valueName":"search_term_string"}}],"inLanguage":"en-US"}]}},"jetpack_sharing_enabled":true,"_links":{"self":[{"href":"https:\/\/www.manitese.it\/en\/wp-json\/wp\/v2\/product\/190001","targetHints":{"allow":["GET"]}}],"collection":[{"href":"https:\/\/www.manitese.it\/en\/wp-json\/wp\/v2\/product"}],"about":[{"href":"https:\/\/www.manitese.it\/en\/wp-json\/wp\/v2\/types\/product"}],"wp:featuredmedia":[{"embeddable":true,"href":"https:\/\/www.manitese.it\/en\/wp-json\/wp\/v2\/media\/189886"}],"wp:attachment":[{"href":"https:\/\/www.manitese.it\/en\/wp-json\/wp\/v2\/media?parent=190001"}],"wp:term":[{"taxonomy":"product_brand","embeddable":true,"href":"https:\/\/www.manitese.it\/en\/wp-json\/wp\/v2\/product_brand?post=190001"},{"taxonomy":"product_cat","embeddable":true,"href":"https:\/\/www.manitese.it\/en\/wp-json\/wp\/v2\/product_cat?post=190001"},{"taxonomy":"product_tag","embeddable":true,"href":"https:\/\/www.manitese.it\/en\/wp-json\/wp\/v2\/product_tag?post=190001"},{"taxonomy":"thematic_area","embeddable":true,"href":"https:\/\/www.manitese.it\/en\/wp-json\/wp\/v2\/thematic_area?post=190001"}],"curies":[{"name":"wp","href":"https:\/\/api.w.org\/{rel}","templated":true}]}}