{"id":188250,"date":"2024-09-05T17:19:43","date_gmt":"2024-09-05T15:19:43","guid":{"rendered":"https:\/\/manitese.it\/?post_type=product&#038;p=188250"},"modified":"2024-09-05T17:19:43","modified_gmt":"2024-09-05T15:19:43","slug":"bonsai-base","status":"publish","type":"product","link":"https:\/\/www.manitese.it\/prodotto\/bonsai-base\/","title":{"rendered":"Bonsai base"},"content":{"rendered":"<ul>\n<li style=\"text-align: left;\">Il bonsai base \u00e8\u00a0<strong>alto circa 12cm<\/strong>, il vasetto \u00e8 lungo 10-12cm.<\/li>\n<li style=\"text-align: left;\">Il tronco \u00e8 dritto e la chioma &#8220;a palla&#8221;.<\/li>\n<li style=\"text-align: left;\"><strong>Per ogni bonsai,\u00a03\u20ac saranno devoluti a Mani Tese<\/strong>.<\/li>\n<li style=\"text-align: left;\">Ogni pezzo \u00e8 corredato da istruzioni sulla cura ed il mantenimento del prodotto.<\/li>\n<\/ul>\n","protected":false},"excerpt":{"rendered":"<p>Grazie alla collaborazione con\u00a0<strong>Voglia di Bonsai,\u00a0<\/strong>puoi decidere di sostenere i progetti di Mani Tese attraverso una\u00a0<strong>bomboniera molto originale<\/strong>. L\u2019albero \u00e8 da sempre\u00a0<strong>simbolo di vita<\/strong>\u00a0e, per le persone che condividono con voi un momento di gioia e felicit\u00e0, il prendersi cura con amore di un piccolo bonsai significher\u00e0\u00a0<strong>mantenere viva la testimonianza<\/strong>\u00a0di quel giorno.<\/p>\n<p><strong><u>Quantit\u00e0 minima ordinabile 10 pezzi<\/u><\/strong><u>. \u00c8 possibile fare un mix delle diverse variet\u00e0 disponibili.<\/u><\/p>\n<p><u>Per l&#8217;ordine sono richiesti\u00a0<strong>almeno tre mesi di anticipo<\/strong>\u00a0rispetto alla data della cerimonia. Le spese di spedizione e per l&#8217;eventuale confezionamento personalizzato verranno concordate direttamente con Voglia di Bonsai alla conferma dell&#8217;ordine.<\/u><\/p>\n<hr style=\"height: 2px; border: none; border-radius: 6px; background: #F0F0F0;\" \/>\n<h3>Scegli la tipologia (quantit\u00e0 min. 10)<\/h3>\n","protected":false},"featured_media":190856,"template":"","meta":{"_acf_changed":false,"give_campaign_id":0,"inline_featured_image":false},"product_brand":[],"product_cat":[879,920,960,961,964,965,968,969],"product_tag":[],"thematic_area":[],"class_list":{"0":"post-188250","1":"product","2":"type-product","3":"status-publish","4":"has-post-thumbnail","6":"product_cat-bomboniere","7":"product_cat-piante-e-semi","8":"product_cat-anniversario","9":"product_cat-battesimo","10":"product_cat-comunione","11":"product_cat-cresima","12":"product_cat-laurea","13":"product_cat-matrimonio","15":"first","16":"instock","17":"taxable","18":"shipping-taxable","19":"product-type-grouped"},"acf":[],"yoast_head":"<!-- This site is optimized with the Yoast SEO plugin v27.5 - https:\/\/yoast.com\/product\/yoast-seo-wordpress\/ -->\n<title>Bonsai base - Mani Tese<\/title>\n<meta name=\"robots\" content=\"index, follow, max-snippet:-1, max-image-preview:large, max-video-preview:-1\" \/>\n<link rel=\"canonical\" href=\"https:\/\/www.manitese.it\/en\/prodotto\/bonsai-base\/\" \/>\n<meta property=\"og:locale\" content=\"en_US\" \/>\n<meta property=\"og:type\" content=\"article\" \/>\n<meta property=\"og:title\" content=\"Bonsai base - Mani Tese\" \/>\n<meta property=\"og:description\" content=\"Grazie alla collaborazione con\u00a0Voglia di Bonsai,\u00a0puoi decidere di sostenere i progetti di Mani Tese attraverso una\u00a0bomboniera molto originale. L\u2019albero \u00e8 da sempre\u00a0simbolo di vita\u00a0e, per le persone che condividono con voi un momento di gioia e felicit\u00e0, il prendersi cura con amore di un piccolo bonsai significher\u00e0\u00a0mantenere viva la testimonianza\u00a0di quel giorno.  Quantit\u00e0 minima ordinabile 10 pezzi. \u00c8 possibile fare un mix delle diverse variet\u00e0 disponibili.  Per l&#039;ordine sono richiesti\u00a0almeno tre mesi di anticipo\u00a0rispetto alla data della cerimonia. Le spese di spedizione e per l&#039;eventuale confezionamento personalizzato verranno concordate direttamente con Voglia di Bonsai alla conferma dell&#039;ordine.    Scegli la tipologia (quantit\u00e0 min. 10)\" \/>\n<meta property=\"og:url\" content=\"https:\/\/www.manitese.it\/prodotto\/bonsai-base\/\" \/>\n<meta property=\"og:site_name\" content=\"Mani Tese\" \/>\n<meta property=\"og:image\" content=\"https:\/\/www.manitese.it\/wp-content\/uploads\/2023\/10\/bonsai-base-manitese.png\" \/>\n\t<meta property=\"og:image:width\" content=\"800\" \/>\n\t<meta property=\"og:image:height\" content=\"800\" \/>\n\t<meta property=\"og:image:type\" content=\"image\/png\" \/>\n<meta name=\"twitter:card\" content=\"summary_large_image\" \/>\n<meta name=\"twitter:label1\" content=\"Est. reading time\" \/>\n\t<meta name=\"twitter:data1\" content=\"1 minute\" \/>\n<script type=\"application\/ld+json\" class=\"yoast-schema-graph\">{\"@context\":\"https:\\\/\\\/schema.org\",\"@graph\":[{\"@type\":\"WebPage\",\"@id\":\"https:\\\/\\\/www.manitese.it\\\/prodotto\\\/bonsai-base\\\/\",\"url\":\"https:\\\/\\\/www.manitese.it\\\/prodotto\\\/bonsai-base\\\/\",\"name\":\"Bonsai base - Mani Tese\",\"isPartOf\":{\"@id\":\"https:\\\/\\\/www.manitese.it\\\/en\\\/#website\"},\"primaryImageOfPage\":{\"@id\":\"https:\\\/\\\/www.manitese.it\\\/prodotto\\\/bonsai-base\\\/#primaryimage\"},\"image\":{\"@id\":\"https:\\\/\\\/www.manitese.it\\\/prodotto\\\/bonsai-base\\\/#primaryimage\"},\"thumbnailUrl\":\"https:\\\/\\\/www.manitese.it\\\/wp-content\\\/uploads\\\/2023\\\/10\\\/bonsai-base-manitese.png\",\"datePublished\":\"2024-09-05T15:19:43+00:00\",\"breadcrumb\":{\"@id\":\"https:\\\/\\\/www.manitese.it\\\/prodotto\\\/bonsai-base\\\/#breadcrumb\"},\"inLanguage\":\"en-US\",\"potentialAction\":[{\"@type\":\"ReadAction\",\"target\":[\"https:\\\/\\\/www.manitese.it\\\/prodotto\\\/bonsai-base\\\/\"]}]},{\"@type\":\"ImageObject\",\"inLanguage\":\"en-US\",\"@id\":\"https:\\\/\\\/www.manitese.it\\\/prodotto\\\/bonsai-base\\\/#primaryimage\",\"url\":\"https:\\\/\\\/www.manitese.it\\\/wp-content\\\/uploads\\\/2023\\\/10\\\/bonsai-base-manitese.png\",\"contentUrl\":\"https:\\\/\\\/www.manitese.it\\\/wp-content\\\/uploads\\\/2023\\\/10\\\/bonsai-base-manitese.png\",\"width\":800,\"height\":800},{\"@type\":\"BreadcrumbList\",\"@id\":\"https:\\\/\\\/www.manitese.it\\\/prodotto\\\/bonsai-base\\\/#breadcrumb\",\"itemListElement\":[{\"@type\":\"ListItem\",\"position\":1,\"name\":\"Home\",\"item\":\"https:\\\/\\\/www.manitese.it\\\/en\\\/\"},{\"@type\":\"ListItem\",\"position\":2,\"name\":\"Regali solidali\",\"item\":\"https:\\\/\\\/www.manitese.it\\\/regali-solidali\\\/\"},{\"@type\":\"ListItem\",\"position\":3,\"name\":\"Bonsai base\"}]},{\"@type\":\"WebSite\",\"@id\":\"https:\\\/\\\/www.manitese.it\\\/en\\\/#website\",\"url\":\"https:\\\/\\\/www.manitese.it\\\/en\\\/\",\"name\":\"Mani Tese\",\"description\":\"\",\"potentialAction\":[{\"@type\":\"SearchAction\",\"target\":{\"@type\":\"EntryPoint\",\"urlTemplate\":\"https:\\\/\\\/www.manitese.it\\\/en\\\/?s={search_term_string}\"},\"query-input\":{\"@type\":\"PropertyValueSpecification\",\"valueRequired\":true,\"valueName\":\"search_term_string\"}}],\"inLanguage\":\"en-US\"}]}<\/script>\n<!-- \/ Yoast SEO plugin. -->","yoast_head_json":{"title":"Bonsai base - Mani Tese","robots":{"index":"index","follow":"follow","max-snippet":"max-snippet:-1","max-image-preview":"max-image-preview:large","max-video-preview":"max-video-preview:-1"},"canonical":"https:\/\/www.manitese.it\/en\/prodotto\/bonsai-base\/","og_locale":"en_US","og_type":"article","og_title":"Bonsai base - Mani Tese","og_description":"Grazie alla collaborazione con\u00a0Voglia di Bonsai,\u00a0puoi decidere di sostenere i progetti di Mani Tese attraverso una\u00a0bomboniera molto originale. L\u2019albero \u00e8 da sempre\u00a0simbolo di vita\u00a0e, per le persone che condividono con voi un momento di gioia e felicit\u00e0, il prendersi cura con amore di un piccolo bonsai significher\u00e0\u00a0mantenere viva la testimonianza\u00a0di quel giorno.  Quantit\u00e0 minima ordinabile 10 pezzi. \u00c8 possibile fare un mix delle diverse variet\u00e0 disponibili.  Per l'ordine sono richiesti\u00a0almeno tre mesi di anticipo\u00a0rispetto alla data della cerimonia. Le spese di spedizione e per l'eventuale confezionamento personalizzato verranno concordate direttamente con Voglia di Bonsai alla conferma dell'ordine.    Scegli la tipologia (quantit\u00e0 min. 10)","og_url":"https:\/\/www.manitese.it\/prodotto\/bonsai-base\/","og_site_name":"Mani Tese","og_image":[{"width":800,"height":800,"url":"https:\/\/www.manitese.it\/wp-content\/uploads\/2023\/10\/bonsai-base-manitese.png","type":"image\/png"}],"twitter_card":"summary_large_image","twitter_misc":{"Est. reading time":"1 minute"},"schema":{"@context":"https:\/\/schema.org","@graph":[{"@type":"WebPage","@id":"https:\/\/www.manitese.it\/prodotto\/bonsai-base\/","url":"https:\/\/www.manitese.it\/prodotto\/bonsai-base\/","name":"Bonsai base - Mani Tese","isPartOf":{"@id":"https:\/\/www.manitese.it\/en\/#website"},"primaryImageOfPage":{"@id":"https:\/\/www.manitese.it\/prodotto\/bonsai-base\/#primaryimage"},"image":{"@id":"https:\/\/www.manitese.it\/prodotto\/bonsai-base\/#primaryimage"},"thumbnailUrl":"https:\/\/www.manitese.it\/wp-content\/uploads\/2023\/10\/bonsai-base-manitese.png","datePublished":"2024-09-05T15:19:43+00:00","breadcrumb":{"@id":"https:\/\/www.manitese.it\/prodotto\/bonsai-base\/#breadcrumb"},"inLanguage":"en-US","potentialAction":[{"@type":"ReadAction","target":["https:\/\/www.manitese.it\/prodotto\/bonsai-base\/"]}]},{"@type":"ImageObject","inLanguage":"en-US","@id":"https:\/\/www.manitese.it\/prodotto\/bonsai-base\/#primaryimage","url":"https:\/\/www.manitese.it\/wp-content\/uploads\/2023\/10\/bonsai-base-manitese.png","contentUrl":"https:\/\/www.manitese.it\/wp-content\/uploads\/2023\/10\/bonsai-base-manitese.png","width":800,"height":800},{"@type":"BreadcrumbList","@id":"https:\/\/www.manitese.it\/prodotto\/bonsai-base\/#breadcrumb","itemListElement":[{"@type":"ListItem","position":1,"name":"Home","item":"https:\/\/www.manitese.it\/en\/"},{"@type":"ListItem","position":2,"name":"Regali solidali","item":"https:\/\/www.manitese.it\/regali-solidali\/"},{"@type":"ListItem","position":3,"name":"Bonsai base"}]},{"@type":"WebSite","@id":"https:\/\/www.manitese.it\/en\/#website","url":"https:\/\/www.manitese.it\/en\/","name":"Mani Tese","description":"","potentialAction":[{"@type":"SearchAction","target":{"@type":"EntryPoint","urlTemplate":"https:\/\/www.manitese.it\/en\/?s={search_term_string}"},"query-input":{"@type":"PropertyValueSpecification","valueRequired":true,"valueName":"search_term_string"}}],"inLanguage":"en-US"}]}},"jetpack_sharing_enabled":true,"_links":{"self":[{"href":"https:\/\/www.manitese.it\/en\/wp-json\/wp\/v2\/product\/188250","targetHints":{"allow":["GET"]}}],"collection":[{"href":"https:\/\/www.manitese.it\/en\/wp-json\/wp\/v2\/product"}],"about":[{"href":"https:\/\/www.manitese.it\/en\/wp-json\/wp\/v2\/types\/product"}],"wp:featuredmedia":[{"embeddable":true,"href":"https:\/\/www.manitese.it\/en\/wp-json\/wp\/v2\/media\/190856"}],"wp:attachment":[{"href":"https:\/\/www.manitese.it\/en\/wp-json\/wp\/v2\/media?parent=188250"}],"wp:term":[{"taxonomy":"product_brand","embeddable":true,"href":"https:\/\/www.manitese.it\/en\/wp-json\/wp\/v2\/product_brand?post=188250"},{"taxonomy":"product_cat","embeddable":true,"href":"https:\/\/www.manitese.it\/en\/wp-json\/wp\/v2\/product_cat?post=188250"},{"taxonomy":"product_tag","embeddable":true,"href":"https:\/\/www.manitese.it\/en\/wp-json\/wp\/v2\/product_tag?post=188250"},{"taxonomy":"thematic_area","embeddable":true,"href":"https:\/\/www.manitese.it\/en\/wp-json\/wp\/v2\/thematic_area?post=188250"}],"curies":[{"name":"wp","href":"https:\/\/api.w.org\/{rel}","templated":true}]}}